{"id":886,"date":"2023-02-09T14:13:10","date_gmt":"2023-02-09T19:13:10","guid":{"rendered":"https:\/\/enerosolutions.com\/news\/"},"modified":"2023-02-27T09:25:17","modified_gmt":"2023-02-27T14:25:17","slug":"nouvelles","status":"publish","type":"page","link":"https:\/\/enerosolutions.com\/fr\/nouvelles\/","title":{"rendered":"Nouvelles"},"content":{"rendered":"\n<h2>\n\t\tNouvelles\n\t<\/h2>\n<h4>\n\t\tPour l&rsquo;actualit\u00e9 de nos activit\u00e9s, nos engagements, nos solutions et nos innovations.\n\t<\/h4>\n\t\t\t\t\t\t\t\t\t\t\t\t\t\t<a href=\"https:\/\/enerosolutions.com\/fr\/articles\/european-biomass-boiler-workshop-in-2023\/\" target=\"_self\" title=\"Atelier europ\u00e9en sur les chaudi\u00e8res \u00e0 biomasse 2023\" rel=\"noopener\">\n\t\t\t\t<img decoding=\"async\" src=\"https:\/\/enerosolutions.com\/wp-content\/uploads\/2023\/02\/prague-1-667x1000.jpg\" alt=\"\">\n\t\t\t\t<\/a>\n\t\t\t\t\t\t<h3>\n\t\t\t\t<a href=\"https:\/\/enerosolutions.com\/fr\/articles\/european-biomass-boiler-workshop-in-2023\/\" title=\"Atelier europ\u00e9en sur les chaudi\u00e8res \u00e0 biomasse 2023\" tabindex=\"0\">Atelier europ\u00e9en sur les chaudi\u00e8res \u00e0 biomasse 2023<\/a>\t\t\t<\/h3>\n\t\t\t\t\t\t\t<h5>\n\t\t\t\t\t\t\t\t<\/h5>\n\t\t\t\t\t\t\t\t\tEnero Solutions participe \u00e0 l&rsquo;atelier europ\u00e9en sur les chaudi\u00e8res \u00e0 biomasse 2023 (European Biomass Boiler Workshop), qui se tiendra dans la ville historique de Prague, en R\u00e9publique tch\u00e8que, les 29 et 30 mars 2023. Notre pr\u00e9sident&nbsp;Benoit Janvier&nbsp;pr\u00e9sentera deux s\u00e9minaires sur les contr\u00f4les avanc\u00e9s de la combustion de la biomasse, aux c\u00f4t\u00e9s d&rsquo;experts d&rsquo;autres entreprises de\u2026\n\t\t\t\t\t\t\t\t\t\t\t\t\t\t<a href=\"https:\/\/enerosolutions.com\/fr\/articles\/paperweek-canada-2023\/\" target=\"_self\" title=\"PaperWeek Canada 2023\" rel=\"noopener\">\n\t\t\t\t<img decoding=\"async\" src=\"https:\/\/enerosolutions.com\/wp-content\/uploads\/2023\/02\/PaperWeek-667x1000.jpg\" alt=\"\">\n\t\t\t\t<\/a>\n\t\t\t\t\t\t<h3>\n\t\t\t\t<a href=\"https:\/\/enerosolutions.com\/fr\/articles\/paperweek-canada-2023\/\" title=\"PaperWeek Canada 2023\" tabindex=\"0\">PaperWeek Canada 2023<\/a>\t\t\t<\/h3>\n\t\t\t\t\t\t\t<h5>\n\t\t\t\t\t\t\t\t<\/h5>\n\t\t\t\t\t\t\t\t\tEncore cette ann\u00e9e, Enero Solutions sera pr\u00e9sent \u00e0 PaperWeek Canada qui se tiendra du 6 au 10 f\u00e9vrier 2023. Qu&rsquo;est-ce que PaperWeek Canada ?C&rsquo;est la conf\u00e9rence phare de PAPTAC au service de l\u2019industrie des p\u00e2tes et papiers et des produits forestiers durant laquelle des repr\u00e9sentants du milieu ont l\u2019occasion de partager leurs connaissances et leur\u2026\n\t\t\t\t\t\t\t\t\t\t\t\t\t\t<a href=\"https:\/\/enerosolutions.com\/fr\/articles\/partnership-with-fend-incorporated\/\" target=\"_self\" title=\"Partenariat avec Fend Incorporated\" rel=\"noopener\">\n\t\t\t\t<img decoding=\"async\" src=\"https:\/\/enerosolutions.com\/wp-content\/uploads\/2023\/02\/pexels-tima-miroshnichenko-5380590-scaled-1-667x1000.jpg\" alt=\"\">\n\t\t\t\t<\/a>\n\t\t\t\t\t\t<h3>\n\t\t\t\t<a href=\"https:\/\/enerosolutions.com\/fr\/articles\/partnership-with-fend-incorporated\/\" title=\"Partenariat avec Fend Incorporated\" tabindex=\"0\">Partenariat avec Fend Incorporated<\/a>\t\t\t<\/h3>\n\t\t\t\t\t\t\t<h5>\n\t\t\t\t\t\t\t\t<\/h5>\n\t\t\t\t\t\t\t\t\tLa cybers\u00e9curit\u00e9 repr\u00e9sente un d\u00e9fi majeur pour toutes les industries et entreprises. Enero Solutions est fi\u00e8re d\u2019annoncer son partenariat avec Fend Incorporated afin d\u2019apporter une segmentation am\u00e9lior\u00e9e du r\u00e9seau (via des diodes de donn\u00e9es) aux clients des secteurs de la fabrication avanc\u00e9e, du traitement et du raffinage en Am\u00e9rique du Nord. Cette collaboration associe la\u2026\n<input class=\"fooboxshare_post_id\" type=\"hidden\" value=\"886\"\/>","protected":false},"excerpt":{"rendered":"<p>Nouvelles Pour l&rsquo;actualit\u00e9 de nos activit\u00e9s, nos engagements, nos solutions et nos innovations. Atelier europ\u00e9en sur les chaudi\u00e8res \u00e0 biomasse 2023 Enero Solutions participe \u00e0 l&rsquo;atelier europ\u00e9en sur les chaudi\u00e8res \u00e0 biomasse 2023 (European Biomass Boiler Workshop), qui se tiendra dans la ville historique de Prague, en R\u00e9publique tch\u00e8que, les 29 et 30 mars 2023.&hellip;<\/p>\n","protected":false},"author":2,"featured_media":0,"parent":0,"menu_order":0,"comment_status":"closed","ping_status":"closed","template":"","meta":{"_acf_changed":false,"footnotes":""},"class_list":["post-886","page","type-page","status-publish","hentry"],"acf":[],"_links":{"self":[{"href":"https:\/\/enerosolutions.com\/fr\/wp-json\/wp\/v2\/pages\/886","targetHints":{"allow":["GET"]}}],"collection":[{"href":"https:\/\/enerosolutions.com\/fr\/wp-json\/wp\/v2\/pages"}],"about":[{"href":"https:\/\/enerosolutions.com\/fr\/wp-json\/wp\/v2\/types\/page"}],"author":[{"embeddable":true,"href":"https:\/\/enerosolutions.com\/fr\/wp-json\/wp\/v2\/users\/2"}],"replies":[{"embeddable":true,"href":"https:\/\/enerosolutions.com\/fr\/wp-json\/wp\/v2\/comments?post=886"}],"version-history":[{"count":3,"href":"https:\/\/enerosolutions.com\/fr\/wp-json\/wp\/v2\/pages\/886\/revisions"}],"predecessor-version":[{"id":890,"href":"https:\/\/enerosolutions.com\/fr\/wp-json\/wp\/v2\/pages\/886\/revisions\/890"}],"wp:attachment":[{"href":"https:\/\/enerosolutions.com\/fr\/wp-json\/wp\/v2\/media?parent=886"}],"curies":[{"name":"wp","href":"https:\/\/api.w.org\/{rel}","templated":true}]}}