{"id":413,"date":"2019-12-09T13:20:47","date_gmt":"2019-12-09T18:20:47","guid":{"rendered":"https:\/\/enerosolutions.com\/?page_id=413"},"modified":"2021-06-10T07:31:58","modified_gmt":"2021-06-10T12:31:58","slug":"home","status":"publish","type":"page","link":"https:\/\/enerosolutions.com\/fr\/","title":{"rendered":"Niveaux d\u2019excellence op\u00e9rationnelle"},"content":{"rendered":"<h1>\n\t\tAtteindre des niveaux d\u2019excellence op\u00e9rationnelle plus \u00e9lev\u00e9s gr\u00e2ce aux technologies de jumeau num\u00e9rique\n\t<\/h1>\n<h4>\n\t\tSolutions d\u2019ing\u00e9nierie novatrices pour am\u00e9liorer la productivit\u00e9 globale de votre usine\n\t<\/h4>\n\t\t\t<a href=\"https:\/\/enerosolutions.com\/fr\/contactez-nous\/\" target=\"_self\" role=\"button\" rel=\"noopener noreferrer\">\n\t\t\t\t\t\t\tNous joindre\n\t\t\t\t\t<\/a>\n<h1>\n\t\tMarch\u00e9s\n\t<\/h1>\n<h4>\n\t\tVoyez o\u00f9 nos solutions ont fait une diff\u00e9rence.\n\t<\/h4>\n\t\t\t\t<img decoding=\"async\" src=\"https:\/\/enerosolutions.com\/wp-content\/uploads\/2019\/11\/markets-oil-and-gas-2-1.jpg\" alt=\"markets-oil-and-gas-2\">\n\t\t\t<h2>P\u00e9trole &#038; Gaz<\/h2>\n\t\t\t\t<p>Cliquez ici pour plus de d\u00e9tails<\/p>\n\t\t<a href=\"https:\/\/enerosolutions.com\/fr\/marches\/#oil\" target=\"_self\" rel=\"noopener noreferrer\"><\/a>\n\t\t\t\t<img decoding=\"async\" src=\"https:\/\/enerosolutions.com\/wp-content\/uploads\/2019\/11\/mining_metal.jpg\" alt=\"mining_metal\">\n\t\t\t<h2>Mines et m\u00e9taux<\/h2>\n\t\t\t\t<p>Cliquez ici pour plus de d\u00e9tails<\/p>\n\t\t<a href=\"https:\/\/enerosolutions.com\/fr\/marches\/#mining\" target=\"_self\" rel=\"noopener noreferrer\"><\/a>\n\t\t\t\t<img decoding=\"async\" src=\"https:\/\/enerosolutions.com\/wp-content\/uploads\/2019\/11\/markets-power-and-energy-2.jpg\" alt=\"markets-power-and-energy-2\">\n\t\t\t<h2>\u00c9nergie et fili\u00e8res renouvelables<\/h2>\n\t\t\t\t<p>Cliquez ici pour plus de d\u00e9tails<\/p>\n\t\t<a href=\"https:\/\/enerosolutions.com\/fr\/marches\/#power\" target=\"_self\" rel=\"noopener noreferrer\"><\/a>\n\t\t\t\t<img decoding=\"async\" src=\"https:\/\/enerosolutions.com\/wp-content\/uploads\/2019\/11\/markets-pulp-and-paper.jpg\" alt=\"markets-pulp-and-paper\">\n\t\t\t<h2>P\u00e2tes et papiers<\/h2>\n\t\t\t\t<p>Cliquez ici pour plus de d\u00e9tails<\/p>\n\t\t<a href=\"https:\/\/enerosolutions.com\/fr\/marches\/#paper\" target=\"_self\" rel=\"noopener noreferrer\"><\/a>\n\t\t\t\t<img decoding=\"async\" src=\"https:\/\/enerosolutions.com\/wp-content\/uploads\/2019\/11\/markets-chemical.jpg\" alt=\"markets-chemical\">\n\t\t\t<h2>P\u00e9trochimies<\/h2>\n\t\t\t\t<p>Cliquez ici pour plus de d\u00e9tails<\/p>\n\t\t<a href=\"https:\/\/enerosolutions.com\/fr\/marches\/#chemical\" target=\"_self\" rel=\"noopener noreferrer\"><\/a>\n\t\t\t\t<img decoding=\"async\" src=\"https:\/\/enerosolutions.com\/wp-content\/uploads\/2019\/11\/markets-food-and-beverage.jpg\" alt=\"markets-food-and-beverage\">\n\t\t\t<h2>Agroalimentaires<\/h2>\n\t\t\t\t<p>Cliquez ici pour plus de d\u00e9tails<\/p>\n\t\t<a href=\"https:\/\/enerosolutions.com\/fr\/marches\/#food\" target=\"_self\" rel=\"noopener noreferrer\"><\/a>\n<h1>\n\t\tNos r\u00e9alisations\n\t<\/h1>\n<h2>\n\t\tVoyez o\u00f9 nos solutions ont d\u00e9j\u00e0 <b>fait une diff\u00e9rence<\/b>\n\t<\/h2>\n\t\t\t<a href=\"https:\/\/enerosolutions.com\/fr\/exemples-de-reussite\/\" target=\"_self\" role=\"button\" rel=\"noopener noreferrer\">\n\t\t\t\t\t\t\tCliquer ici\n\t\t\t\t\t<\/a>\n\t\t\t\t\t\t\t\t\t\t\t\t\t\t<a href=\"https:\/\/enerosolutions.com\/fr\/biomass-cogeneration-plant-tours\/\" target=\"_self\" title=\"Usine de cog\u00e9n\u00e9ration \u00e0 la biomasse \u2013 Orl\u00e9ans\" rel=\"noopener noreferrer\">\n\t\t\t\t<img decoding=\"async\" src=\"https:\/\/enerosolutions.com\/wp-content\/uploads\/2020\/03\/image_biomasse-300x169.jpg\" alt=\"\" \/>\n\t\t\t\t<\/a>\n\t\t\t\t\t\t<h5>\n\t\t\t\t<a href=https:\/\/enerosolutions.com\/fr\/biomass-cogeneration-plant-tours\/ title=\"Usine de cog\u00e9n\u00e9ration \u00e0 la biomasse \u2013 Orl\u00e9ans\" tabindex=\"0\">Usine de cog\u00e9n\u00e9ration \u00e0 la biomasse \u2013 Orl\u00e9ans<\/a>\t\t\t<\/h5>\n\t\t\t\t\t\t\t\t\t\t\t\t\t\t<a href=\"https:\/\/enerosolutions.com\/fr\/biomass-cogeneration-plant-tours-2\/\" target=\"_self\" title=\"Usine de cog\u00e9n\u00e9ration \u00e0 la biomasse \u2013 Tours\" rel=\"noopener noreferrer\">\n\t\t\t\t<img decoding=\"async\" src=\"https:\/\/enerosolutions.com\/wp-content\/uploads\/2020\/03\/image_foret-300x300.jpg\" alt=\"\" \/>\n\t\t\t\t<\/a>\n\t\t\t\t\t\t<h5>\n\t\t\t\t<a href=https:\/\/enerosolutions.com\/fr\/biomass-cogeneration-plant-tours-2\/ title=\"Usine de cog\u00e9n\u00e9ration \u00e0 la biomasse \u2013 Tours\" tabindex=\"0\">Usine de cog\u00e9n\u00e9ration \u00e0 la biomasse \u2013 Tours<\/a>\t\t\t<\/h5>\n\t\t\t\t\t\t\t\t\t\t\t\t\t\t<a href=\"https:\/\/enerosolutions.com\/fr\/increase-plant-profitability-for-european-company\/\" target=\"_self\" title=\"Augmentation de la rentabilit\u00e9 d\u2019une usine appartenant \u00e0 une soci\u00e9t\u00e9 europ\u00e9enne\" rel=\"noopener noreferrer\">\n\t\t\t\t<img decoding=\"async\" src=\"https:\/\/enerosolutions.com\/wp-content\/uploads\/2019\/11\/419496319-600x400-300x200.jpg\" alt=\"\" \/>\n\t\t\t\t<\/a>\n\t\t\t\t\t\t<h5>\n\t\t\t\t<a href=https:\/\/enerosolutions.com\/fr\/increase-plant-profitability-for-european-company\/ title=\"Augmentation de la rentabilit\u00e9 d\u2019une usine appartenant \u00e0 une soci\u00e9t\u00e9 europ\u00e9enne\" tabindex=\"0\">Augmentation de la rentabilit\u00e9 d\u2019une usine appartenant \u00e0 une soci\u00e9t\u00e9 europ\u00e9enne<\/a>\t\t\t<\/h5>\n\t\t\t\t\t\t\t\t\t\t\t\t\t\t<a href=\"https:\/\/enerosolutions.com\/fr\/smart-splitter-solution\/\" target=\"_self\" title=\"Solution Smart-Splitter\u2122\" rel=\"noopener noreferrer\">\n\t\t\t\t<img decoding=\"async\" src=\"https:\/\/enerosolutions.com\/wp-content\/uploads\/2020\/03\/image_steam-300x225.jpg\" alt=\"\" \/>\n\t\t\t\t<\/a>\n\t\t\t\t\t\t<h5>\n\t\t\t\t<a href=https:\/\/enerosolutions.com\/fr\/smart-splitter-solution\/ title=\"Solution Smart-Splitter\u2122\" tabindex=\"0\">Solution Smart-Splitter\u2122<\/a>\t\t\t<\/h5>\n\t\t\t\t\t\t\t\t\t\t\t\t\t\t<a href=\"https:\/\/enerosolutions.com\/fr\/canadian-multinational-energy-transportation-company\/\" target=\"_self\" title=\"Multinationale canadienne sp\u00e9cialis\u00e9e dans le transport d\u2019\u00e9nergie\" rel=\"noopener noreferrer\">\n\t\t\t\t<img decoding=\"async\" src=\"https:\/\/enerosolutions.com\/wp-content\/uploads\/2019\/11\/EndbridgePipeline-news-1024x682-300x200.jpg\" alt=\"\" \/>\n\t\t\t\t<\/a>\n\t\t\t\t\t\t<h5>\n\t\t\t\t<a href=https:\/\/enerosolutions.com\/fr\/canadian-multinational-energy-transportation-company\/ title=\"Multinationale canadienne sp\u00e9cialis\u00e9e dans le transport d\u2019\u00e9nergie\" tabindex=\"0\">Multinationale canadienne sp\u00e9cialis\u00e9e dans le transport d\u2019\u00e9nergie<\/a>\t\t\t<\/h5>\n\t\t\t\t\t\t\t\t\t\t\t\t\t\t<a href=\"https:\/\/enerosolutions.com\/fr\/north-carolina-integrated-kraft-mill\/\" target=\"_self\" title=\"Usine de p\u00e2te kraft int\u00e9gr\u00e9e situ\u00e9e en Caroline du Nord\" rel=\"noopener noreferrer\">\n\t\t\t\t<img decoding=\"async\" src=\"https:\/\/enerosolutions.com\/wp-content\/uploads\/2019\/06\/pulp_paper-300x200.jpg\" alt=\"\" \/>\n\t\t\t\t<\/a>\n\t\t\t\t\t\t<h5>\n\t\t\t\t<a href=https:\/\/enerosolutions.com\/fr\/north-carolina-integrated-kraft-mill\/ title=\"Usine de p\u00e2te kraft int\u00e9gr\u00e9e situ\u00e9e en Caroline du Nord\" tabindex=\"0\">Usine de p\u00e2te kraft int\u00e9gr\u00e9e situ\u00e9e en Caroline du Nord<\/a>\t\t\t<\/h5>\n\t\t\t<h5>Enero Solutions\u2122 est en <b>pleine croissance!<\/b><\/h5><h2>Faites partie de l\u2019\u00e9quipe d\u2019Enero Solutions\u2122<\/h2>\n\t\t\t\t<p>Relevez des d\u00e9fis plus que passionnants.<br \/>D\u00e9veloppez vos connaissances et habilet\u00e9s dans un environnement innovant et stimulant.<\/p>\n\t\t\t<a href=\"https:\/\/enerosolutions.com\/fr\/carrieres\/\" target=\"_self\" role=\"button\" rel=\"noopener noreferrer\">\n\t\t\t\t\t\t\tJOIGNEZ-VOUS \u00c0 NOUS\n\t\t<\/a>\n<input class=\"fooboxshare_post_id\" type=\"hidden\" value=\"413\"\/>","protected":false},"excerpt":{"rendered":"<p>Atteindre des niveaux d\u2019excellence op\u00e9rationnelle plus \u00e9lev\u00e9s gr\u00e2ce aux technologies de jumeau num\u00e9rique Solutions d\u2019ing\u00e9nierie novatrices pour am\u00e9liorer la productivit\u00e9 globale de votre usine Nous joindre March\u00e9s Voyez o\u00f9 nos solutions ont fait une diff\u00e9rence. P\u00e9trole &#038; Gaz Cliquez ici pour plus de d\u00e9tails Mines et m\u00e9taux Cliquez ici pour plus de d\u00e9tails \u00c9nergie et&hellip;<\/p>\n","protected":false},"author":2,"featured_media":0,"parent":0,"menu_order":0,"comment_status":"closed","ping_status":"closed","template":"","meta":{"_acf_changed":false,"footnotes":""},"class_list":["post-413","page","type-page","status-publish","hentry"],"acf":[],"_links":{"self":[{"href":"https:\/\/enerosolutions.com\/fr\/wp-json\/wp\/v2\/pages\/413","targetHints":{"allow":["GET"]}}],"collection":[{"href":"https:\/\/enerosolutions.com\/fr\/wp-json\/wp\/v2\/pages"}],"about":[{"href":"https:\/\/enerosolutions.com\/fr\/wp-json\/wp\/v2\/types\/page"}],"author":[{"embeddable":true,"href":"https:\/\/enerosolutions.com\/fr\/wp-json\/wp\/v2\/users\/2"}],"replies":[{"embeddable":true,"href":"https:\/\/enerosolutions.com\/fr\/wp-json\/wp\/v2\/comments?post=413"}],"version-history":[{"count":22,"href":"https:\/\/enerosolutions.com\/fr\/wp-json\/wp\/v2\/pages\/413\/revisions"}],"predecessor-version":[{"id":756,"href":"https:\/\/enerosolutions.com\/fr\/wp-json\/wp\/v2\/pages\/413\/revisions\/756"}],"wp:attachment":[{"href":"https:\/\/enerosolutions.com\/fr\/wp-json\/wp\/v2\/media?parent=413"}],"curies":[{"name":"wp","href":"https:\/\/api.w.org\/{rel}","templated":true}]}}