{"id":185,"date":"2019-11-22T07:17:21","date_gmt":"2019-11-22T12:17:21","guid":{"rendered":"https:\/\/enerosolutions.com\/?page_id=185"},"modified":"2024-04-18T10:43:40","modified_gmt":"2024-04-18T15:43:40","slug":"contactez-nous","status":"publish","type":"page","link":"https:\/\/enerosolutions.com\/fr\/contactez-nous\/","title":{"rendered":"Contactez-nous"},"content":{"rendered":"\n<h1>\n\t<\/h1>\n<h2>\n\t\tFaites nous signe et nous prendrons contact avec vous d\u00e8s que nous le pourrons. Nous esp\u00e9rons avoir de vos nouvelles bient\u00f4t!\n\t<\/h2>\n\t<strong>AM\u00c9RIQUES<br \/>\nT\u00e9l: +1 514-439-0941<\/strong>\n\t<strong>EUROPE<br \/>\nT\u00e9l: +33 6 18 86 12 51<\/strong>\n\t<p><strong>Adresse : <\/strong>420, rue Guy, Montr\u00e9al, QC H3J 1S6<\/p>\n\n<p>&nbsp;<\/p>\n<h3><strong>Formulaire de contact<\/strong><\/h3>\n\n<input class=\"fooboxshare_post_id\" type=\"hidden\" value=\"185\"\/>","protected":false},"excerpt":{"rendered":"<p>Faites nous signe et nous prendrons contact avec vous d\u00e8s que nous le pourrons. Nous esp\u00e9rons avoir de vos nouvelles bient\u00f4t! AM\u00c9RIQUES T\u00e9l: +1 514-439-0941 EUROPE T\u00e9l: +33 6 18 86 12 51 Adresse : 420, rue Guy, Montr\u00e9al, QC H3J 1S6 &nbsp; Formulaire de contact<\/p>\n","protected":false},"author":2,"featured_media":0,"parent":0,"menu_order":0,"comment_status":"closed","ping_status":"closed","template":"","meta":{"_acf_changed":false,"footnotes":""},"class_list":["post-185","page","type-page","status-publish","hentry"],"acf":[],"_links":{"self":[{"href":"https:\/\/enerosolutions.com\/fr\/wp-json\/wp\/v2\/pages\/185","targetHints":{"allow":["GET"]}}],"collection":[{"href":"https:\/\/enerosolutions.com\/fr\/wp-json\/wp\/v2\/pages"}],"about":[{"href":"https:\/\/enerosolutions.com\/fr\/wp-json\/wp\/v2\/types\/page"}],"author":[{"embeddable":true,"href":"https:\/\/enerosolutions.com\/fr\/wp-json\/wp\/v2\/users\/2"}],"replies":[{"embeddable":true,"href":"https:\/\/enerosolutions.com\/fr\/wp-json\/wp\/v2\/comments?post=185"}],"version-history":[{"count":20,"href":"https:\/\/enerosolutions.com\/fr\/wp-json\/wp\/v2\/pages\/185\/revisions"}],"predecessor-version":[{"id":1153,"href":"https:\/\/enerosolutions.com\/fr\/wp-json\/wp\/v2\/pages\/185\/revisions\/1153"}],"wp:attachment":[{"href":"https:\/\/enerosolutions.com\/fr\/wp-json\/wp\/v2\/media?parent=185"}],"curies":[{"name":"wp","href":"https:\/\/api.w.org\/{rel}","templated":true}]}}