{"id":183,"date":"2019-11-22T07:16:56","date_gmt":"2019-11-22T12:16:56","guid":{"rendered":"https:\/\/enerosolutions.com\/?page_id=183"},"modified":"2023-02-27T10:05:31","modified_gmt":"2023-02-27T15:05:31","slug":"carrieres","status":"publish","type":"page","link":"https:\/\/enerosolutions.com\/fr\/carrieres\/","title":{"rendered":"Carri\u00e8res"},"content":{"rendered":"\n<h1>\n\t<\/h1>\n<h2>\n\t\tEnero Solutions\u2122 est une \u00e9quipe dynamique qui partage la m\u00eame vision.\n\t<\/h2>\n<h1>\n\t\t\u00c9quipe<br>Passionn\u00e9e<br>Innovation\n\t<\/h1>\n\t<h1><b>Environnement dynamique<\/b><\/h1>\n<h4><i>Nous nous engageons \u00e0 mettre en place des mesures qui contribuent au bien-\u00eatre des membres de notre \u00e9quipe.<\/i><\/h4>\n<p>&nbsp;<\/p>\n<h1><\/h1>\n<h1><b>D\u00e9veloppez votre expertise<\/b><\/h1>\n<h4><i>Devenez un v\u00e9ritable expert en d\u00e9veloppant et en atteignant votre plein potentiel.&nbsp;<\/i><\/h4>\n<p>&nbsp;<\/p>\n<h1><\/h1>\n<h1><b>Possibilit\u00e9s d\u2019avancement<\/b><\/h1>\n<h4><i>Nous vous encourageons et vous soutenons dans votre cheminement \u00e0 tous les \u00e9chelons.<\/i><\/h4>\n<p>&nbsp;<\/p>\n<h1><\/h1>\n<h1><b>International<\/b><\/h1>\n<h4><i>March\u00e9s en d\u00e9veloppement, entreprises et contacts partout dans le monde.<\/i><\/h4>\n<input class=\"fooboxshare_post_id\" type=\"hidden\" value=\"183\"\/>","protected":false},"excerpt":{"rendered":"<p>Enero Solutions\u2122 est une \u00e9quipe dynamique qui partage la m\u00eame vision. \u00c9quipePassionn\u00e9eInnovation Environnement dynamique Nous nous engageons \u00e0 mettre en place des mesures qui contribuent au bien-\u00eatre des membres de notre \u00e9quipe. &nbsp; D\u00e9veloppez votre expertise Devenez un v\u00e9ritable expert en d\u00e9veloppant et en atteignant votre plein potentiel.&nbsp; &nbsp; Possibilit\u00e9s d\u2019avancement Nous vous encourageons et&hellip;<\/p>\n","protected":false},"author":2,"featured_media":0,"parent":0,"menu_order":0,"comment_status":"closed","ping_status":"closed","template":"","meta":{"_acf_changed":false,"footnotes":""},"class_list":["post-183","page","type-page","status-publish","hentry"],"acf":[],"_links":{"self":[{"href":"https:\/\/enerosolutions.com\/fr\/wp-json\/wp\/v2\/pages\/183","targetHints":{"allow":["GET"]}}],"collection":[{"href":"https:\/\/enerosolutions.com\/fr\/wp-json\/wp\/v2\/pages"}],"about":[{"href":"https:\/\/enerosolutions.com\/fr\/wp-json\/wp\/v2\/types\/page"}],"author":[{"embeddable":true,"href":"https:\/\/enerosolutions.com\/fr\/wp-json\/wp\/v2\/users\/2"}],"replies":[{"embeddable":true,"href":"https:\/\/enerosolutions.com\/fr\/wp-json\/wp\/v2\/comments?post=183"}],"version-history":[{"count":21,"href":"https:\/\/enerosolutions.com\/fr\/wp-json\/wp\/v2\/pages\/183\/revisions"}],"predecessor-version":[{"id":896,"href":"https:\/\/enerosolutions.com\/fr\/wp-json\/wp\/v2\/pages\/183\/revisions\/896"}],"wp:attachment":[{"href":"https:\/\/enerosolutions.com\/fr\/wp-json\/wp\/v2\/media?parent=183"}],"curies":[{"name":"wp","href":"https:\/\/api.w.org\/{rel}","templated":true}]}}