{"id":175,"date":"2019-11-22T07:15:12","date_gmt":"2019-11-22T12:15:12","guid":{"rendered":"https:\/\/enerosolutions.com\/?page_id=175"},"modified":"2024-11-27T07:58:59","modified_gmt":"2024-11-27T12:58:59","slug":"solutions","status":"publish","type":"page","link":"https:\/\/enerosolutions.com\/fr\/solutions\/","title":{"rendered":"Solutions"},"content":{"rendered":"\n\n<h3>\n\t\tEnero Solutions\u2122, en partenariat avec ses clients industriels, met \u00e0 profit ses technologies de jumeau num\u00e9rique pour accro\u00eetre l&rsquo;excellence op\u00e9rationnelle de l&rsquo;usine.\n\t<\/h3>\n<h1>\n\t\tJumeau num\u00e9rique &#8211; simulateurs et usine virtuelle\n\t<\/h1>\n\t<p>Les simulateurs de proc\u00e9d\u00e9 et de syst\u00e8mes de cog\u00e9n\u00e9ration sont au c\u0153ur de la suite logicielle Jumeau num\u00e9rique d&rsquo;Enero Solutions\u2122 car ils offrent des solutions \u00e0 haute valeur ajout\u00e9e pour optimiser des proc\u00e9d\u00e9s automatis\u00e9s tr\u00e8s complexes.\u00a0<\/p>\n<p>\u00a0<\/p>\n<p><b>S\u00e9curit\u00e9:<\/b>\u00a0Nous pouvons tester une nouvelle logique et\/ou une modification apport\u00e9e \u00e0 vos op\u00e9rations en effectuant des simulations dans un environnement de r\u00e9alit\u00e9 virtuelle s\u00e9curitaire.<\/p>\n<p><b>Fiabilit\u00e9:\u00a0<\/b>Avant le d\u00e9marrage d&rsquo;une usine, nous proc\u00e9dons \u00e0 des essais complets sur une usine virtuelle afin de faire ressortir, s&rsquo;il y a lieu, les probl\u00e8mes de conception d&rsquo;un nouveau proc\u00e9d\u00e9 op\u00e9rationnel ou la complexit\u00e9 de la configuration du contr\u00f4le de proc\u00e9d\u00e9.<\/p>\n<p><b>Formation:\u00a0<\/b>Nous r\u00e9duisons le risque d&rsquo;un arr\u00eat non pr\u00e9vu ou les pertes de production en formant vos op\u00e9rateurs dans un environnement virtuel.<\/p>\n<h1>\n\t\tOptimisation des proc\u00e9d\u00e9s et des profits\n\t<\/h1>\n\t<p><b>Enero Solutions\u2122 a brevet\u00e9 des solutions intelligentes et novatrices pour accro\u00eetre de fa\u00e7on durable l&rsquo;efficacit\u00e9, la fiabilit\u00e9 et la rentabilit\u00e9 de votre installation de cog\u00e9n\u00e9ration.\u00a0<\/b><\/p>\n<p>Nos solutions optimisent,\u00a0<b>en temps r\u00e9el<\/b>, l&rsquo;efficacit\u00e9 \u00e9nerg\u00e9tique de votre production de vapeur, de chaleur et d&rsquo;\u00e9lectricit\u00e9. Adaptez vos conditions d&rsquo;op\u00e9ration de production de vapeur et de chaleur en fonction de vos co\u00fbts \u00e9nerg\u00e9tiques et de votre contrat d&rsquo;\u00e9lectricit\u00e9.\u00a0<\/p>\n<p>Contactez-nous pour en savoir plus sur les solutions suivantes:<\/p>\n<ul>\n<li aria-level=\"1\">Solution avanc\u00e9e de gestion intelligente des producteurs d&rsquo;\u00e9nergie<\/li>\n<li aria-level=\"1\">Solution de contr\u00f4le et coordination intelligent de la distribution d&rsquo;\u00e9nergie\u00a0<\/li>\n<li aria-level=\"1\">Solution avanc\u00e9e de maximisation \u00e9change thermique pour les r\u00e9seaux de chauffage urbain<\/li>\n<li aria-level=\"1\">Solution d&rsquo;optimisation des profits en temps r\u00e9el<\/li>\n<\/ul>\n<h1>\n\t\tOptimisation de la combustion de biomasse et de d\u00e9chets\n\t<\/h1>\n\t<p>Enero Solutions\u2122 a brevet\u00e9 une technologie novatrice &#8211; un capteur logiciel de d\u00e9gagement de chaleur &#8211; capable d&rsquo;accro\u00eetre la stabilit\u00e9, la r\u00e9activit\u00e9 et la flexibilit\u00e9 de votre chaudi\u00e8re \u00e0 combustible solide (Biomasse, d\u00e9chets, etc.).<\/p>\n<p>Enero Solutions\u2122 a d\u00e9velopp\u00e9 cette solution d&rsquo;optimisation de combustion en temps r\u00e9el pour les chaudi\u00e8res \u00e0 biomasse et les incin\u00e9rateurs de d\u00e9chets r\u00e9sidentiels ou chimiques. Cette technologie offre les avantages suivants:<\/p>\n<ul>\n<li aria-level=\"1\"><b>augmente<\/b>\u00a0la production de vapeur et de chaleur.<\/li>\n<li aria-level=\"1\"><b>r\u00e9duit<\/b>\u00a0les co\u00fbts d&rsquo;op\u00e9ration et d&rsquo;entretien.<\/li>\n<li aria-level=\"1\"><b>Stabilise <\/b>la combustion pour permettre le respect des <b>r\u00e8glementations<\/b> environnementales d&rsquo;\u00e9missions<b>.<\/b><\/li>\n<\/ul>\n<p><a href=\"https:\/\/enerosolutions.com\/fr\/contactez-nous\/\">Contactez-nous<\/a>\u00a0pour en savoir plus sur notre technologie d&rsquo;optimisation de la combustion, sur l&rsquo;optimisation de la combustion de combustibles mixtes et sur les normes qui s&rsquo;appliquent au syst\u00e8me de gestion des br\u00fbleurs (BMS).<\/p>\n<h1>\n\t\tSurveillance de la performance en ligne et outils d&rsquo;analyse\n\t<\/h1>\n\t<p><b>Hawkview\u2122,<\/b>\u00a0une suite logicielle puissante d\u00e9velopp\u00e9e par Enero Solutions\u2122, peut \u00eatre int\u00e9gr\u00e9e dans la plupart des syst\u00e8mes de contr\u00f4le modernes pour permettre de :<\/p>\n<p>\u00a0<\/p>\n<ul>\n<li><b>surveiller et analyser\u00a0<\/b>des proc\u00e9d\u00e9s multivariables complexes,<\/li>\n<li><b>r\u00e9soudre un probl\u00e8me <\/b>d&rsquo;interaction entre un contr\u00f4leur et un proc\u00e9d\u00e9,<\/li>\n<li><b>r\u00e9gler et optimiser un contr\u00f4leur <\/b>au moyen d&rsquo;outils de mod\u00e9lisation faciles \u00e0 utiliser,<\/li>\n<li><b>analyser facilement des donn\u00e9es <\/b>en parcourant rapidement un large ensemble de donn\u00e9es avec le module Hawkview-EXCEL.<\/li>\n<\/ul>\n<p>\u00a0<\/p>\n<p>Il est \u00e9galement possible de se procurer le syst\u00e8me Hawkview avec un enregistreur de donn\u00e9es haute vitesse autonome:<\/p>\n<ul>\n<li>syst\u00e8me <b>haute vitesse<\/b> de collecte de donn\u00e9es <b>sur le long terme<\/b> pour la d\u00e9tection de perturbations,<\/li>\n<li>syst\u00e8me <b>cybers\u00e9curis\u00e9 <\/b>d&rsquo;analyse de donn\u00e9es \u00e0 distance<\/li>\n<li><b>outil ValveTester <\/b>pour mesurer la performance de friction et d&rsquo;hyst\u00e9r\u00e9sis de l&rsquo;actionneur.<\/li>\n<\/ul>\n<p>\u00a0<\/p>\n<p>Installez une version d&rsquo;essai et contactez notre \u00e9quipe des ventes pour b\u00e9n\u00e9ficier d&rsquo;une formation et obtenir une licence. <\/p>\n\n<input class=\"fooboxshare_post_id\" type=\"hidden\" value=\"175\"\/>","protected":false},"excerpt":{"rendered":"<p>Enero Solutions\u2122, en partenariat avec ses clients industriels, met \u00e0 profit ses technologies de jumeau num\u00e9rique pour accro\u00eetre l&rsquo;excellence op\u00e9rationnelle de l&rsquo;usine. Jumeau num\u00e9rique &#8211; simulateurs et usine virtuelle Les simulateurs de proc\u00e9d\u00e9 et de syst\u00e8mes de cog\u00e9n\u00e9ration sont au c\u0153ur de la suite logicielle Jumeau num\u00e9rique d&rsquo;Enero Solutions\u2122 car ils offrent des solutions \u00e0&hellip;<\/p>\n","protected":false},"author":2,"featured_media":0,"parent":0,"menu_order":0,"comment_status":"closed","ping_status":"closed","template":"","meta":{"_acf_changed":false,"footnotes":""},"class_list":["post-175","page","type-page","status-publish","hentry"],"acf":[],"_links":{"self":[{"href":"https:\/\/enerosolutions.com\/fr\/wp-json\/wp\/v2\/pages\/175","targetHints":{"allow":["GET"]}}],"collection":[{"href":"https:\/\/enerosolutions.com\/fr\/wp-json\/wp\/v2\/pages"}],"about":[{"href":"https:\/\/enerosolutions.com\/fr\/wp-json\/wp\/v2\/types\/page"}],"author":[{"embeddable":true,"href":"https:\/\/enerosolutions.com\/fr\/wp-json\/wp\/v2\/users\/2"}],"replies":[{"embeddable":true,"href":"https:\/\/enerosolutions.com\/fr\/wp-json\/wp\/v2\/comments?post=175"}],"version-history":[{"count":14,"href":"https:\/\/enerosolutions.com\/fr\/wp-json\/wp\/v2\/pages\/175\/revisions"}],"predecessor-version":[{"id":1447,"href":"https:\/\/enerosolutions.com\/fr\/wp-json\/wp\/v2\/pages\/175\/revisions\/1447"}],"wp:attachment":[{"href":"https:\/\/enerosolutions.com\/fr\/wp-json\/wp\/v2\/media?parent=175"}],"curies":[{"name":"wp","href":"https:\/\/api.w.org\/{rel}","templated":true}]}}