{"id":173,"date":"2019-11-22T07:14:57","date_gmt":"2019-11-22T12:14:57","guid":{"rendered":"https:\/\/enerosolutions.com\/?page_id=173"},"modified":"2024-11-27T08:02:31","modified_gmt":"2024-11-27T13:02:31","slug":"services","status":"publish","type":"page","link":"https:\/\/enerosolutions.com\/fr\/services\/","title":{"rendered":"Services"},"content":{"rendered":"\n\n<h2><b>Ing\u00e9nierie de proc\u00e9d\u00e9s et projet de performance<\/b><\/h2>\n<p>&nbsp;<\/p>\n<p>Enero Solutions\u2122 utilise des technologies de jumeau num\u00e9rique pour effectuer, entre autres, de la simulation de proc\u00e9d\u00e9, de la surveillance avanc\u00e9e de proc\u00e9d\u00e9 et du contr\u00f4le avanc\u00e9 de proc\u00e9d\u00e9 pour ses clients.<\/p>\n<p>Nos projets d&rsquo;optimisation et de jumeau num\u00e9rique sont des projets qui demandent peu d&rsquo;investissements et qui donnent des r\u00e9sultats mesurables. Ces projets:<\/p>\n<p><b>am\u00e9liorent\u00a0<\/b>la variabilit\u00e9, la disponibilit\u00e9 et la flexibilit\u00e9 des proc\u00e9d\u00e9s,<\/p>\n<p><b>r\u00e9duisent\u00a0<\/b>les co\u00fbts d&rsquo;op\u00e9ration de l&rsquo;usine,<\/p>\n<p><b>am\u00e9liorent\u00a0<\/b>la formation des op\u00e9rateurs et des ing\u00e9nieurs,<\/p>\n<p><b>r\u00e9duisent\u00a0<\/b>les co\u00fbts d&rsquo;entretien,<\/p>\n<p><b>maximisent <\/b>l&rsquo;utilisation des actifs et la production de l&rsquo;usine.<\/p>\n<p>Contactez-nous pour savoir comment le jumeau num\u00e9rique combin\u00e9 \u00e0 des initiatives qui s&rsquo;autofinancent peuvent accro\u00eetre la disponibilit\u00e9 de votre proc\u00e9d\u00e9 et la rentabilit\u00e9 globale de votre usine. <\/p>\n\t<h2><strong>Initiatives pour am\u00e9liorer la performance des proc\u00e9d\u00e9s<\/strong><\/h2>\n<p>&nbsp;<\/p>\n<p>Enero Solutions&rsquo;\u2122 travaille en partenariat avec ses clients en mettant \u00e0 leur service son expertise et les capacit\u00e9s analytiques de ses technologies de jumeau num\u00e9rique pour optimiser leur proc\u00e9d\u00e9 actuel, am\u00e9liorer l&rsquo;efficacit\u00e9 \u00e9nerg\u00e9tique globale de leur usine et maximiser leur capital humain au moyen de simulateurs de proc\u00e9d\u00e9 haute fid\u00e9lit\u00e9.<\/p>\n<p>\u00a0<\/p>\n<p><b>\u00c9valuez<\/b>\u00a0la variabilit\u00e9 et la dynamique multivariable de votre proc\u00e9d\u00e9 \u00e0 l&rsquo;aide de notre suite logicielle Hawkview\u2122.<\/p>\n<p><b>Am\u00e9liorez<\/b>\u00a0la variabilit\u00e9 de votre proc\u00e9d\u00e9 par une optimisation rigoureuse du contr\u00f4le de votre proc\u00e9d\u00e9: instrumentation, r\u00e9glage, contr\u00f4leurs avanc\u00e9s et simulations<\/p>\n<p><b>Maintenez<\/b>\u00a0la performance de votre syst\u00e8me de contr\u00f4le par de la surveillance et par de la formation sur le jumeau num\u00e9rique et le contr\u00f4le des proc\u00e9d\u00e9s.<\/p>\n<p>\u00a0<\/p>\n<p><a href=\"https:\/\/enerosolutions.com\/fr\/contactez-nous\/\">Contactez-nous<\/a>\u00a0pour savoir de quelle fa\u00e7on notre partenariat contractuel peut vous apporter des solutions durables.<\/p>\n<h1>\n\t\tJumeau num\u00e9rique &#8211; simulateurs et usine virtuelle\n\t<\/h1>\n\t<p>Les simulateurs de proc\u00e9d\u00e9 et de syst\u00e8mes de cog\u00e9n\u00e9ration sont au c\u0153ur de la suite logicielle Jumeau num\u00e9rique d&rsquo;Enero Solutions\u2122 car ils offrent des solutions \u00e0 haute valeur ajout\u00e9e pour optimiser des proc\u00e9d\u00e9s automatis\u00e9s tr\u00e8s complexes.\u00a0<\/p>\n<p>\u00a0<\/p>\n<p><b>S\u00e9curit\u00e9:<\/b>\u00a0Nous pouvons tester une nouvelle logique et\/ou une modification apport\u00e9e \u00e0 vos op\u00e9rations en effectuant des simulations dans un environnement de r\u00e9alit\u00e9 virtuelle s\u00e9curitaire.<\/p>\n<p><b>Fiabilit\u00e9:\u00a0<\/b>Avant le d\u00e9marrage d&rsquo;une usine, nous proc\u00e9dons \u00e0 des essais complets sur une usine virtuelle afin de faire ressortir, s&rsquo;il y a lieu, les probl\u00e8mes de conception d&rsquo;un nouveau proc\u00e9d\u00e9 op\u00e9rationnel ou la complexit\u00e9 de la configuration du contr\u00f4le de proc\u00e9d\u00e9.<\/p>\n<p><b>Formation:\u00a0<\/b>Nous r\u00e9duisons le risque d&rsquo;un arr\u00eat non pr\u00e9vu ou les pertes de production en formant vos op\u00e9rateurs dans un environnement virtuel.<\/p>\n<h1>\n\t\tOptimisation des proc\u00e9d\u00e9s et des profits\n\t<\/h1>\n\t<p><b>Enero Solutions\u2122 a brevet\u00e9 des solutions intelligentes et novatrices pour accro\u00eetre de fa\u00e7on durable l&rsquo;efficacit\u00e9, la fiabilit\u00e9 et la rentabilit\u00e9 de votre installation de cog\u00e9n\u00e9ration.\u00a0<\/b><\/p>\n<p>Nos solutions optimisent,\u00a0<b>en temps r\u00e9el<\/b>, l&rsquo;efficacit\u00e9 \u00e9nerg\u00e9tique de votre production de vapeur, de chaleur et d&rsquo;\u00e9lectricit\u00e9. Adaptez vos conditions d&rsquo;op\u00e9ration de production de vapeur et de chaleur en fonction de vos co\u00fbts \u00e9nerg\u00e9tiques et de votre contrat d&rsquo;\u00e9lectricit\u00e9.\u00a0<\/p>\n<p>Contactez-nous pour en savoir plus sur les solutions suivantes:<\/p>\n<ul>\n<li aria-level=\"1\">Solution avanc\u00e9e de gestion intelligente des producteurs d&rsquo;\u00e9nergie<\/li>\n<li aria-level=\"1\">Solution de contr\u00f4le et coordination intelligent de la distribution d&rsquo;\u00e9nergie\u00a0<\/li>\n<li aria-level=\"1\">Solution avanc\u00e9e de maximisation \u00e9change thermique pour les r\u00e9seaux de chauffage urbain<\/li>\n<li aria-level=\"1\">Solution d&rsquo;optimisation des profits en temps r\u00e9el<\/li>\n<\/ul>\n<h1>\n\t\tOptimisation de la combustion de biomasse et de d\u00e9chets\n\t<\/h1>\n\t<p>Enero Solutions\u2122 a brevet\u00e9 une technologie novatrice &#8211; un capteur logiciel de d\u00e9gagement de chaleur &#8211; capable d&rsquo;accro\u00eetre la stabilit\u00e9, la r\u00e9activit\u00e9 et la flexibilit\u00e9 de votre chaudi\u00e8re \u00e0 combustible solide (Biomasse, d\u00e9chets, etc.).<\/p>\n<p>Enero Solutions\u2122 a d\u00e9velopp\u00e9 cette solution d&rsquo;optimisation de combustion en temps r\u00e9el pour les chaudi\u00e8res \u00e0 biomasse et les incin\u00e9rateurs de d\u00e9chets r\u00e9sidentiels ou chimiques. Cette technologie offre les avantages suivants:<\/p>\n<ul>\n<li aria-level=\"1\"><b>augmente<\/b>\u00a0la production de vapeur et de chaleur.<\/li>\n<li aria-level=\"1\"><b>r\u00e9duit<\/b>\u00a0les co\u00fbts d&rsquo;op\u00e9ration et d&rsquo;entretien.<\/li>\n<li aria-level=\"1\"><b>Stabilise <\/b>la combustion pour permettre le respect des <b>r\u00e8glementations<\/b> environnementales d&rsquo;\u00e9missions<b>.<\/b><\/li>\n<\/ul>\n<p><a href=\"https:\/\/enerosolutions.com\/fr\/contactez-nous\/\">Contactez-nous<\/a>\u00a0pour en savoir plus sur notre technologie d&rsquo;optimisation de la combustion, sur l&rsquo;optimisation de la combustion de combustibles mixtes et sur les normes qui s&rsquo;appliquent au syst\u00e8me de gestion des br\u00fbleurs (BMS).<\/p>\n<h1>\n\t\tSurveillance de la performance et analyse \u00e0 distance\n\t<\/h1>\n\t<ul>\n<li>Gr\u00e2ce \u00e0 nos innovations technologiques, nous offrons des services de surveillance et d&rsquo;analyse \u00e0<br \/>\ndistance des performances de r\u00e9gulation, essentiels pour maintenir le plein potentiel de vos<br \/>\nop\u00e9rations.<\/li>\n<\/ul>\n<p>&nbsp;<\/p>\n<ul>\n<li>Que ce soit pour le suivi post-implantation de contr\u00f4les avanc\u00e9s, ou pour le suivi des conditions de<br \/>\nvos boucles et actifs de r\u00e9gulation, <strong>nos tableaux de bord<\/strong>, associ\u00e9s \u00e0 <strong>notre expertise<\/strong>, permettent<br \/>\nd&rsquo;intervenir efficacement et rapidement.<\/li>\n<\/ul>\n<p>&nbsp;<\/p>\n<ul>\n<li>Nous optimisons les r\u00e9glages, anticipons les d\u00e9faillances et \u00e9vitons les arr\u00eats non planifi\u00e9s, afin de<br \/>\nmaximiser l&rsquo;efficacit\u00e9 et la disponibilit\u00e9 de vos installations.<\/li>\n<\/ul>\n\n<input class=\"fooboxshare_post_id\" type=\"hidden\" value=\"173\"\/>","protected":false},"excerpt":{"rendered":"<p>Ing\u00e9nierie de proc\u00e9d\u00e9s et projet de performance &nbsp; Enero Solutions\u2122 utilise des technologies de jumeau num\u00e9rique pour effectuer, entre autres, de la simulation de proc\u00e9d\u00e9, de la surveillance avanc\u00e9e de proc\u00e9d\u00e9 et du contr\u00f4le avanc\u00e9 de proc\u00e9d\u00e9 pour ses clients. Nos projets d&rsquo;optimisation et de jumeau num\u00e9rique sont des projets qui demandent peu d&rsquo;investissements et&hellip;<\/p>\n","protected":false},"author":2,"featured_media":0,"parent":0,"menu_order":0,"comment_status":"closed","ping_status":"closed","template":"","meta":{"_acf_changed":false,"footnotes":""},"class_list":["post-173","page","type-page","status-publish","hentry"],"acf":[],"_links":{"self":[{"href":"https:\/\/enerosolutions.com\/fr\/wp-json\/wp\/v2\/pages\/173","targetHints":{"allow":["GET"]}}],"collection":[{"href":"https:\/\/enerosolutions.com\/fr\/wp-json\/wp\/v2\/pages"}],"about":[{"href":"https:\/\/enerosolutions.com\/fr\/wp-json\/wp\/v2\/types\/page"}],"author":[{"embeddable":true,"href":"https:\/\/enerosolutions.com\/fr\/wp-json\/wp\/v2\/users\/2"}],"replies":[{"embeddable":true,"href":"https:\/\/enerosolutions.com\/fr\/wp-json\/wp\/v2\/comments?post=173"}],"version-history":[{"count":25,"href":"https:\/\/enerosolutions.com\/fr\/wp-json\/wp\/v2\/pages\/173\/revisions"}],"predecessor-version":[{"id":1450,"href":"https:\/\/enerosolutions.com\/fr\/wp-json\/wp\/v2\/pages\/173\/revisions\/1450"}],"wp:attachment":[{"href":"https:\/\/enerosolutions.com\/fr\/wp-json\/wp\/v2\/media?parent=173"}],"curies":[{"name":"wp","href":"https:\/\/api.w.org\/{rel}","templated":true}]}}