{"id":171,"date":"2019-11-22T07:14:37","date_gmt":"2019-11-22T12:14:37","guid":{"rendered":"https:\/\/enerosolutions.com\/?page_id=171"},"modified":"2021-06-10T13:34:50","modified_gmt":"2021-06-10T18:34:50","slug":"a-propos","status":"publish","type":"page","link":"https:\/\/enerosolutions.com\/fr\/a-propos\/","title":{"rendered":"\u00c0 propos"},"content":{"rendered":"<h1>\n\t\t\u00c0 propos d\u2019Enero Solutions\u2122\n\t<\/h1>\n\t<h3>Fond\u00e9e en 2005, Enero Solutions\u2122 est une entreprise sp\u00e9cialis\u00e9e en g\u00e9nie logiciel qui offre des solutions, des produits et des services de contr\u00f4le avanc\u00e9 de proc\u00e9d\u00e9s destin\u00e9s \u00e0 accro\u00eetre la productivit\u00e9 et la flexibilit\u00e9 des usines qui ont un proc\u00e9d\u00e9 de fabrication en continu.<\/h3>\n<h3><strong>En 2016, Enero Solutions\u2122 a ouvert un bureau en France pour proposer nos solutions et services de support aux usines manufacturi\u00e8res europ\u00e9ennes.<\/strong><\/h3>\n<p>&nbsp;<\/p>\n<h1><strong>VALEUR<\/strong><\/h1>\n<p>Notre entreprise est n\u00e9e de la volont\u00e9 d\u2019offrir des solutions et des services \u00e0 valeur ajout\u00e9e \u00e0 nos clients de fa\u00e7on \u00e0 accro\u00eetre l\u2019efficacit\u00e9, la disponibilit\u00e9 et la productivit\u00e9 de leur proc\u00e9d\u00e9 en optimisant le contr\u00f4le de leurs proc\u00e9d\u00e9s.<\/p>\n<p>Les ing\u00e9nieurs d\u2019Enero travaillent avec chaque client, une innovation \u00e0 la fois, pour trouver des solutions fiables de contr\u00f4le des proc\u00e9d\u00e9s qui font appel au jumeau num\u00e9rique afin que le client puisse livrer un produit de haute qualit\u00e9 au co\u00fbt le plus bas et \u00e0 l\u2019empreinte carbone la plus faible.<\/p>\n<h1><\/h1>\n<h1><strong>INNOVATION<\/strong><\/h1>\n<p>Chez Enero Solutions\u2122, nous croyons que le changement passe par l\u2019innovation \u2013 et que l\u2019innovation repose sur la passion, le travail d\u2019\u00e9quipe et une vision. Nous agissons tous les jours pour que nos innovations apportent une valeur mesurable \u00e0 nos clients.<\/p>\n<p>La recherche et le d\u00e9veloppement, le partenariat avec nos clients et l\u2019am\u00e9lioration continue sont \u00e9galement au c\u0153ur de notre philosophie d\u2019entreprise.<\/p>\n<h1><\/h1>\n<h1><strong>SOLUTIONS<\/strong><\/h1>\n<ul>\n<li><strong>Contr\u00f4le avanc\u00e9e<\/strong> \u2013 contr\u00f4le des proc\u00e9d\u00e9s par mod\u00e8les et applications industrielles d\u2019IA.<\/li>\n<li><strong>Hawkview<\/strong> \u2013 suite logicielle d\u2019acquisition haute vitesse cybers\u00e9curis\u00e9, de navigation et d\u2019analyse des donn\u00e9es historis\u00e9es, de d\u00e9pannage et r\u00e9glage de contr\u00f4leur PID.<\/li>\n<li><strong>EnergyTrack<\/strong> \u2013 outil d\u2019analyse \u00e9nerg\u00e9tique pour optimiser la rentabilit\u00e9 des services auxiliaires d\u2019une usine.<\/li>\n<li><strong>Smart-Splitter<\/strong> \u2013 solution multivariable de contr\u00f4le de la pression des collecteurs de vapeur, de cog\u00e9n\u00e9ration, de gaz r\u00e9siduel, de biogaz, d\u2019hydrog\u00e8ne, de monoxyde de carbone.<\/li>\n<li><strong>LeanAir<\/strong> \u2013 solution intelligente de contr\u00f4le de combustion de combustibles solides (Biomasse, d\u00e9chets, CSR, etc.).<\/li>\n<\/ul>\n<h1><\/h1>\n<h1><strong>TRANSITION<\/strong><\/h1>\n<p>R\u00e9duire l\u2019empreinte carbone d\u2019une usine est bon pour les affaires et indispensable pour l\u2019environnement. Enero Solutions\u2122 participe activement \u00e0 la transition \u00e9nerg\u00e9tique et aux efforts de r\u00e9duction des \u00e9missions de gaz \u00e0 effet de serre des centrales \u00e9nerg\u00e9tiques et de l\u2019industrie \u00e9nerg\u00e9tique via l\u2019optimisation \u00e9nerg\u00e9tique, l\u2019\u00e9nergie verte et la coordination des r\u00e9seaux \u00e9lectrique \u00ab microgrid \u00bb.<\/p>\n<p>&nbsp;<\/p>\n<input class=\"fooboxshare_post_id\" type=\"hidden\" value=\"171\"\/>","protected":false},"excerpt":{"rendered":"<p>\u00c0 propos d\u2019Enero Solutions\u2122 Fond\u00e9e en 2005, Enero Solutions\u2122 est une entreprise sp\u00e9cialis\u00e9e en g\u00e9nie logiciel qui offre des solutions, des produits et des services de contr\u00f4le avanc\u00e9 de proc\u00e9d\u00e9s destin\u00e9s \u00e0 accro\u00eetre la productivit\u00e9 et la flexibilit\u00e9 des usines qui ont un proc\u00e9d\u00e9 de fabrication en continu. En 2016, Enero Solutions\u2122 a ouvert un&hellip;<\/p>\n","protected":false},"author":2,"featured_media":0,"parent":0,"menu_order":0,"comment_status":"closed","ping_status":"closed","template":"","meta":{"_acf_changed":false,"footnotes":""},"class_list":["post-171","page","type-page","status-publish","hentry"],"acf":[],"_links":{"self":[{"href":"https:\/\/enerosolutions.com\/fr\/wp-json\/wp\/v2\/pages\/171","targetHints":{"allow":["GET"]}}],"collection":[{"href":"https:\/\/enerosolutions.com\/fr\/wp-json\/wp\/v2\/pages"}],"about":[{"href":"https:\/\/enerosolutions.com\/fr\/wp-json\/wp\/v2\/types\/page"}],"author":[{"embeddable":true,"href":"https:\/\/enerosolutions.com\/fr\/wp-json\/wp\/v2\/users\/2"}],"replies":[{"embeddable":true,"href":"https:\/\/enerosolutions.com\/fr\/wp-json\/wp\/v2\/comments?post=171"}],"version-history":[{"count":17,"href":"https:\/\/enerosolutions.com\/fr\/wp-json\/wp\/v2\/pages\/171\/revisions"}],"predecessor-version":[{"id":761,"href":"https:\/\/enerosolutions.com\/fr\/wp-json\/wp\/v2\/pages\/171\/revisions\/761"}],"wp:attachment":[{"href":"https:\/\/enerosolutions.com\/fr\/wp-json\/wp\/v2\/media?parent=171"}],"curies":[{"name":"wp","href":"https:\/\/api.w.org\/{rel}","templated":true}]}}