{"id":1392,"date":"2024-10-16T06:27:51","date_gmt":"2024-10-16T11:27:51","guid":{"rendered":"https:\/\/enerosolutions.com\/formations\/"},"modified":"2024-12-04T11:17:10","modified_gmt":"2024-12-04T16:17:10","slug":"formations","status":"publish","type":"page","link":"https:\/\/enerosolutions.com\/fr\/formations\/","title":{"rendered":"Formations"},"content":{"rendered":"\n<h1>\n\t\tFormations Enero\n\t<\/h1>\n\t<p>Chez Enero, nous croyons fermement que la cl\u00e9 de la r\u00e9ussite r\u00e9side dans <strong>l&rsquo;am\u00e9lioration continue<\/strong> et le <strong>partage des connaissances.<\/strong><\/p>\n<p>C&rsquo;est pourquoi nous proposons des formations sp\u00e9cialis\u00e9es con\u00e7ues pour vous aider \u00e0 <strong>atteindre vos objectifs professionnels<\/strong> et \u00e0 <strong>perfectionner vos comp\u00e9tences.<\/strong><\/p>\n<h2>\n\t\tVous aimeriez vous <b>former dans un cadre convivial ?<\/b>\n\t<\/h2>\n<h2>\n\t\tOu <b>b\u00e9n\u00e9ficier d&rsquo;un accompagnement sur-mesure directement dans votre entreprise?<\/b>\n\t<\/h2>\n<h2>\n\t\t<b>Enero<\/b> a la<br \/><b>solution<\/b> qu&rsquo;il vous faut!\n\t<\/h2>\n<h2>\n\t\tFORMATIONS \u00c0 NOS BUREAUX\n\t<\/h2>\n\t<strong>Participez \u00e0 nos formations dans un cadre<\/strong><br \/>\n<strong>convivial, enrichissant,<\/strong><br \/>\n<strong>et b\u00e9n\u00e9ficiez<\/strong>\nde l&rsquo;expertise de nos sp\u00e9cialistes<br \/>\nd&rsquo;opportunit\u00e9s de r\u00e9seautage avec des professionnels du secteur<br \/>\nde nos outils de simulation virtuelle\n<h2>\n\t\tFORMATIONS EN ENTREPRISE\n\t<\/h2>\n\t<strong>Faites appel \u00e0 Enero,<\/strong><br \/>\n<strong>nous nous d\u00e9placerons,<\/strong><br \/>\n<strong>et b\u00e9n\u00e9ficiez :<\/strong>\nde cours pratiques adapt\u00e9es<br \/>\n\u00e0 vos besoins sp\u00e9cifiques<br \/>\nd&rsquo;accompagnement sur-mesure\n<h2>\n\t\t<b>CALENDRIER DE FORMATION<\/b>\n\t<\/h2>\n\t<meta itemscope itemprop=\"mainEntityOfPage\" itemtype=\"https:\/\/schema.org\/WebPage\" itemid=\"https:\/\/enerosolutions.com\/fr\/formation\/reglage-de-boucle-et-controle-avance-fr\/\" content=\"R\u00c9GLAGE DE BOUCLE ET CONTR\u00d4LE AVANC\u00c9 (FR)\" \/><meta itemprop=\"datePublished\" content=\"2024-09-16\" \/><meta itemprop=\"dateModified\" content=\"2024-10-30\" \/><meta itemprop=\"name\" content=\"Enero Solutions\"\/><meta itemprop=\"url\" content=\"https:\/\/enerosolutions.com\/fr\/author\/jblairjoly\/\" \/><meta itemprop=\"name\" content=\"Jonathan Blair-Joly\" \/><meta itemprop=\"interactionType\" content=\"https:\/\/schema.org\/CommentAction\" \/><meta itemprop=\"userInteractionCount\" content=\"0\" \/><table width=\"100%\" border=\"0\" cellspacing=\"0\" cellpadding=\"0\">\n  <tbody>\n    <tr>\n      <td width=\"55%\" valign=\"top\"><h4><b>R\u00c9GLAGE DE BOUCLE ET CONTR\u00d4LE AVANC\u00c9 (FR)<\/b><\/h4><\/td>\n      <td width=\"45%\" align=\"right\" valign=\"top\"><p>Du 16 au 19 septembre 2024 &#8211; Montr\u00e9al, QC<\/p><\/td>\n    <\/tr>\n  <\/tbody>\n<\/table>\nFormation de 3 jours en r\u00e9glage de boucle et contr\u00f4le r\u00e9gulatoire avanc\u00e9 (<strong>en fran\u00e7ais<\/strong>)<br \/>\n(+ 1 jour) Formation sp\u00e9ciale: choix des vannes pour une performance de contr\u00f4le optimale\n\n\t\t\t\t\t<table width=\"100%\" border=\"0\" cellspacing=\"0\" cellpadding=\"0\">\n  <tbody>\n    <tr>\n      <td valign=\"bottom\">\n          <a href=\"https:\/\/enerosolutions.com\/wp-content\/uploads\/2024\/10\/Enero-Training-16092024-1.pdf\" target=\"_blank\" rel=\"noopener\">Cliquez ici pour plus de d\u00e9tails \u00bb<\/a>\n\t\t\t\t\t<\/td>\n      <td valign=\"bottom\"><a href=\"https:\/\/enerosolutions.com\/fr\/formation\/reglage-de-boucle-et-controle-avance-fr\/\" target=\"foobox\" rel=\"noopener\">INSCRIVEZ-VOUS MAINTENANT<\/a><\/td>\n    <\/tr>\n  <\/tbody>\n<\/table>\n\t<meta itemscope itemprop=\"mainEntityOfPage\" itemtype=\"https:\/\/schema.org\/WebPage\" itemid=\"https:\/\/enerosolutions.com\/fr\/formation\/reglage-de-boucle-et-controle-avance-en\/\" content=\"R\u00c9GLAGE DE BOUCLE ET CONTR\u00d4LE AVANC\u00c9 (EN)\" \/><meta itemprop=\"datePublished\" content=\"2024-10-16\" \/><meta itemprop=\"dateModified\" content=\"2024-10-30\" \/><meta itemprop=\"name\" content=\"Enero Solutions\"\/><meta itemprop=\"url\" content=\"https:\/\/enerosolutions.com\/fr\/author\/jblairjoly\/\" \/><meta itemprop=\"name\" content=\"Jonathan Blair-Joly\" \/><meta itemprop=\"interactionType\" content=\"https:\/\/schema.org\/CommentAction\" \/><meta itemprop=\"userInteractionCount\" content=\"0\" \/><table width=\"100%\" border=\"0\" cellspacing=\"0\" cellpadding=\"0\">\n  <tbody>\n    <tr>\n      <td width=\"55%\" valign=\"top\"><h4><b>R\u00c9GLAGE DE BOUCLE ET CONTR\u00d4LE AVANC\u00c9 (EN)<\/b><\/h4><\/td>\n      <td width=\"45%\" align=\"right\" valign=\"top\"><p>Du 19 au 21 novembre 2024 &#8211; Montr\u00e9al, QC<\/p><\/td>\n    <\/tr>\n  <\/tbody>\n<\/table>\nFormation de 3 jours en r\u00e9glage de boucle et contr\u00f4le r\u00e9gulatoire avanc\u00e9 (<strong>en anglais<\/strong>)<br \/>\n(+ 1 jour) Formation sp\u00e9ciale: ABC de la commande pr\u00e9dictive par mod\u00e8le\n\n\t\t\t\t\t<table width=\"100%\" border=\"0\" cellspacing=\"0\" cellpadding=\"0\">\n  <tbody>\n    <tr>\n      <td valign=\"bottom\">\n          <a href=\"https:\/\/enerosolutions.com\/wp-content\/uploads\/2024\/10\/Formation-Enero-19-21-nov-Montreal-FR-vf.pdf\" target=\"_blank\" rel=\"noopener\">Cliquez ici pour plus de d\u00e9tails \u00bb<\/a>\n\t\t\t\t\t<\/td>\n      <td valign=\"bottom\"><a href=\"https:\/\/enerosolutions.com\/fr\/formation\/reglage-de-boucle-et-controle-avance-en\/\" target=\"foobox\" rel=\"noopener\">INSCRIVEZ-VOUS MAINTENANT<\/a><\/td>\n    <\/tr>\n  <\/tbody>\n<\/table>\n\t<meta itemscope itemprop=\"mainEntityOfPage\" itemtype=\"https:\/\/schema.org\/WebPage\" itemid=\"https:\/\/enerosolutions.com\/fr\/formation\/reglage-de-boucle-et-controle-avance-fr-2\/\" content=\"R\u00c9GLAGE DE BOUCLE ET CONTR\u00d4LE AVANC\u00c9 (FR)\" \/><meta itemprop=\"datePublished\" content=\"2024-10-26\" \/><meta itemprop=\"dateModified\" content=\"2024-10-30\" \/><meta itemprop=\"name\" content=\"Enero Solutions\"\/><meta itemprop=\"url\" content=\"https:\/\/enerosolutions.com\/fr\/author\/jblairjoly\/\" \/><meta itemprop=\"name\" content=\"Jonathan Blair-Joly\" \/><meta itemprop=\"interactionType\" content=\"https:\/\/schema.org\/CommentAction\" \/><meta itemprop=\"userInteractionCount\" content=\"0\" \/><table width=\"100%\" border=\"0\" cellspacing=\"0\" cellpadding=\"0\">\n  <tbody>\n    <tr>\n      <td width=\"55%\" valign=\"top\"><h4><b>R\u00c9GLAGE DE BOUCLE ET CONTR\u00d4LE AVANC\u00c9 (FR)<\/b><\/h4><\/td>\n      <td width=\"45%\" align=\"right\" valign=\"top\"><p>Du 26 au 28 novembre 2024 &#8211; Paris, FR<\/p><\/td>\n    <\/tr>\n  <\/tbody>\n<\/table>\n<p>Formation de 3 jours en r\u00e9glage de boucle et contr\u00f4le r\u00e9gulatoire avanc\u00e9 (<strong>en fran\u00e7ais<\/strong>)<\/p>\n\n\t\t\t\t\t<table width=\"100%\" border=\"0\" cellspacing=\"0\" cellpadding=\"0\">\n  <tbody>\n    <tr>\n      <td valign=\"bottom\">\n          <a href=\"https:\/\/enerosolutions.com\/wp-content\/uploads\/2024\/10\/Formation-Enero-France-Flyer.pdf\" target=\"_blank\" rel=\"noopener\">Cliquez ici pour plus de d\u00e9tails \u00bb<\/a>\n\t\t\t\t\t<\/td>\n      <td valign=\"bottom\"><a href=\"https:\/\/enerosolutions.com\/fr\/formation\/reglage-de-boucle-et-controle-avance-fr-2\/\" target=\"foobox\" rel=\"noopener\">INSCRIVEZ-VOUS MAINTENANT<\/a><\/td>\n    <\/tr>\n  <\/tbody>\n<\/table>\n<h2>\n\t\t<b>Formez-vous aujourd&rsquo;hui pour un avenir optimis\u00e9 !<\/b>\n\t<\/h2>\n\t<p>Pr\u00eat \u00e0 transformer vos comp\u00e9tences et \u00e0 maximiser l&rsquo;efficacit\u00e9 de vos proc\u00e9d\u00e9s ?<\/p>\n<p>Contactez-nous des maintenant pour en savoir plus sur nos offres de formation et r\u00e9server votre place.<\/p>\n<p><strong>training@enerosolutions.com<\/strong><\/p>\n\n<input class=\"fooboxshare_post_id\" type=\"hidden\" value=\"1392\"\/>","protected":false},"excerpt":{"rendered":"<p>Formations Enero Chez Enero, nous croyons fermement que la cl\u00e9 de la r\u00e9ussite r\u00e9side dans l&rsquo;am\u00e9lioration continue et le partage des connaissances. C&rsquo;est pourquoi nous proposons des formations sp\u00e9cialis\u00e9es con\u00e7ues pour vous aider \u00e0 atteindre vos objectifs professionnels et \u00e0 perfectionner vos comp\u00e9tences. Vous aimeriez vous former dans un cadre convivial ? Ou b\u00e9n\u00e9ficier d&rsquo;un&hellip;<\/p>\n","protected":false},"author":2,"featured_media":0,"parent":0,"menu_order":0,"comment_status":"closed","ping_status":"closed","template":"","meta":{"_acf_changed":false,"footnotes":""},"class_list":["post-1392","page","type-page","status-publish","hentry"],"acf":[],"_links":{"self":[{"href":"https:\/\/enerosolutions.com\/fr\/wp-json\/wp\/v2\/pages\/1392","targetHints":{"allow":["GET"]}}],"collection":[{"href":"https:\/\/enerosolutions.com\/fr\/wp-json\/wp\/v2\/pages"}],"about":[{"href":"https:\/\/enerosolutions.com\/fr\/wp-json\/wp\/v2\/types\/page"}],"author":[{"embeddable":true,"href":"https:\/\/enerosolutions.com\/fr\/wp-json\/wp\/v2\/users\/2"}],"replies":[{"embeddable":true,"href":"https:\/\/enerosolutions.com\/fr\/wp-json\/wp\/v2\/comments?post=1392"}],"version-history":[{"count":4,"href":"https:\/\/enerosolutions.com\/fr\/wp-json\/wp\/v2\/pages\/1392\/revisions"}],"predecessor-version":[{"id":1492,"href":"https:\/\/enerosolutions.com\/fr\/wp-json\/wp\/v2\/pages\/1392\/revisions\/1492"}],"wp:attachment":[{"href":"https:\/\/enerosolutions.com\/fr\/wp-json\/wp\/v2\/media?parent=1392"}],"curies":[{"name":"wp","href":"https:\/\/api.w.org\/{rel}","templated":true}]}}